{"id":6145,"date":"2021-08-11T13:31:12","date_gmt":"2021-08-11T11:31:12","guid":{"rendered":"https:\/\/www.logistik-tepe.de\/shop\/product\/muell-schwerer-abfall-rigips-heraklit\/"},"modified":"2025-01-06T10:47:37","modified_gmt":"2025-01-06T09:47:37","slug":"muell-schwerer-abfall-rigips-heraklit","status":"publish","type":"product","link":"https:\/\/www.logistik-tepe.de\/shop\/product\/muell-schwerer-abfall-rigips-heraklit\/","title":{"rendered":"M\u00fcll schwerer Abfall Gewerbeabfall, Verpackungen, Folien, Hausm\u00fcll, Kunststoffe, Sperrm\u00fcll, Rigips, Heraklit, Dachpappe"},"content":{"rendered":"","protected":false},"excerpt":{"rendered":"","protected":false},"featured_media":0,"comment_status":"open","ping_status":"open","template":"","meta":{"_acf_changed":false},"product_cat":[273],"product_tag":[],"class_list":{"0":"post-6145","1":"product","2":"type-product","3":"status-publish","5":"product_cat-entsorgung","6":"pa_fassungsvermoegen-8m","7":"pa_fassungsvermoegen-15m","8":"pa_fassungsvermoegen-25m","9":"pa_fassungsvermoegen-36m","11":"first","12":"instock","13":"taxable","14":"shipping-taxable","15":"purchasable","16":"product-type-variable"},"acf":[],"_links":{"self":[{"href":"https:\/\/www.logistik-tepe.de\/shop\/wp-json\/wp\/v2\/product\/6145","targetHints":{"allow":["GET"]}}],"collection":[{"href":"https:\/\/www.logistik-tepe.de\/shop\/wp-json\/wp\/v2\/product"}],"about":[{"href":"https:\/\/www.logistik-tepe.de\/shop\/wp-json\/wp\/v2\/types\/product"}],"replies":[{"embeddable":true,"href":"https:\/\/www.logistik-tepe.de\/shop\/wp-json\/wp\/v2\/comments?post=6145"}],"wp:attachment":[{"href":"https:\/\/www.logistik-tepe.de\/shop\/wp-json\/wp\/v2\/media?parent=6145"}],"wp:term":[{"taxonomy":"product_cat","embeddable":true,"href":"https:\/\/www.logistik-tepe.de\/shop\/wp-json\/wp\/v2\/product_cat?post=6145"},{"taxonomy":"product_tag","embeddable":true,"href":"https:\/\/www.logistik-tepe.de\/shop\/wp-json\/wp\/v2\/product_tag?post=6145"}],"curies":[{"name":"wp","href":"https:\/\/api.w.org\/{rel}","templated":true}]}}